{"id":5209,"date":"2020-10-27T10:43:30","date_gmt":"2020-10-27T09:43:30","guid":{"rendered":"https:\/\/gabbiano.promoservicebeta.com\/?page_id=5209"},"modified":"2022-02-02T16:12:30","modified_gmt":"2022-02-02T15:12:30","slug":"il-ristorante","status":"publish","type":"page","link":"https:\/\/www.algabbiano.it\/it\/il-ristorante\/","title":{"rendered":"Il ristorante"},"content":{"rendered":"<div  class=\"grids-section grids-is-advanced alignwide\" style=\"--_gs-gap-desktop:0px 0px;--_gs-m-desktop:0 0 0 0;--_gs-p-desktop:0 50px 0 50px;--_gs-bg-desktop:transparent none;--_gs-bg-xp-desktop:0px;--_gs-zi-desktop:auto;--_gs-d-desktop:block;--_gs-mw-desktop:calc(100% - 0 - 0);--_gs-gap-tablet:0px 0px;--_gs-m-tablet:0 0 0 0;--_gs-p-tablet:0 20px 0 20px;--_gs-bg-tablet:transparent none;--_gs-bg-xp-tablet:0px;--_gs-zi-tablet:auto;--_gs-d-tablet:block;--_gs-mw-tablet:calc(100% - 0 - 0);--_gs-gap-mobile:0px 0px;--_gs-m-mobile:0 0 0 0;--_gs-p-mobile:0 10px 0 10px;--_gs-bg-mobile:transparent none;--_gs-bg-xp-mobile:0px;--_gs-zi-mobile:auto;--_gs-d-mobile:block;--_gs-mw-mobile:calc(100% - 0 - 0);--_gs-columns:12;--_gs-rows:6\"><div class=\"grids-s-w_i\">\n<div class=\"grids-area\" style=\"--_ga-column:1\/7;--_ga-row:1\/3;--_ga-m-desktop:0 0 0 0;--_ga-p-desktop:0 0 0 0;--_ga-bg-desktop:transparent none;--_ga-zi-desktop:auto;--_ga-d-desktop:flex;--_ga-mw-desktop:calc(100% - 0 - 0);--_ga-m-tablet:0 0 0 0;--_ga-p-tablet:0 0 0 0;--_ga-bg-tablet:transparent none;--_ga-zi-tablet:auto;--_ga-d-tablet:flex;--_ga-mw-tablet:calc(100% - 0 - 0);--_ga-m-mobile:0 0 0 0;--_ga-p-mobile:0 0 0 0;--_ga-bg-mobile:transparent none;--_ga-zi-mobile:auto;--_ga-d-mobile:flex;--_ga-mw-mobile:calc(100% - 0 - 0)\">\n\n<h2 class=\"wp-block-heading\">Il ristorante<\/h2>\n\n\n\n<div style=\"height:20px\" aria-hidden=\"true\" class=\"wp-block-spacer\"><\/div>\n\n\n\n<h4 class=\"wp-block-heading\"><em><em>Il ristorante giusto per ogni gusto<\/em><\/em> <\/h4>\n\n\n\n<h4 class=\"wp-block-heading\">ora anche <\/h4>\n\n\n\n<h4 class=\"wp-block-heading\">LOCALE VENETO STORICO<\/h4>\n\n\n\n<div style=\"height:30px\" aria-hidden=\"true\" class=\"wp-block-spacer\"><\/div>\n\n\n\n<p>Il Ristorante Al Gabbiano \u00e8 composto da <strong>due sale<\/strong>: la pi\u00f9 intima, in legno, vi far\u00e0 sentire coccolati anche grazie al calore del caminetto mentre la pi\u00f9 fresca, la sala estiva, si apre nel giardino.&nbsp;<\/p>\n\n\n\n<div style=\"height:20px\" aria-hidden=\"true\" class=\"wp-block-spacer\"><\/div>\n\n\n\n<p><strong>Due ambienti accoglienti<\/strong> accomunati dall\u2019<strong>accurato servizio<\/strong> e dall\u2019<strong>ottima cucina<\/strong> che propone sia carne che pesce e tiene in giusta considerazione la stagionalit\u00e0 dei prodotti.<\/p>\n\n\n\n<div style=\"height:20px\" aria-hidden=\"true\" class=\"wp-block-spacer\"><\/div>\n\n\n\n<p>Tutti i piatti vengono accuratamente decorati e risultano gustosi, delicati al palato tanto da sublimare tutti i sensi grazie anche al connubio con la musica\u2026tutte le sere nel periodo invernale le magiche note del piano bar si fondono con i sapori.<\/p>\n\n\n\n<div style=\"height:20px\" aria-hidden=\"true\" class=\"wp-block-spacer\"><\/div>\n\n\n\n<p><strong>Il ristorante \u00e8 aperto tutto l\u2019anno a pranzo e cena. <\/strong>Il nostro giorno di chiusura \u00e8 la domenica.<\/p>\n\n\n\n<div style=\"height:20px\" aria-hidden=\"true\" class=\"wp-block-spacer\"><\/div>\n\n\n\n<p>Possibilit\u00e0 di menu&#8217; da asporto o a domicilio<\/p>\n\n<\/div>\n\n<div class=\"grids-area\" style=\"--_ga-column:9\/11;--_ga-row:1\/3;--_ga-va:center;--_ga-m-desktop:0 0 0 0;--_ga-p-desktop:0 0 0 0;--_ga-bg-desktop:transparent none;--_ga-zi-desktop:auto;--_ga-d-desktop:flex;--_ga-mw-desktop:calc(100% - 0 - 0);--_ga-m-tablet:0 0 0 0;--_ga-p-tablet:30px 30px 30px 30px;--_ga-bg-tablet:transparent none;--_ga-zi-tablet:auto;--_ga-d-tablet:flex;--_ga-mw-tablet:calc(100% - 0 - 0);--_ga-m-mobile:0 0 0 0;--_ga-p-mobile:30px 30px 30px 30px;--_ga-bg-mobile:transparent none;--_ga-zi-mobile:auto;--_ga-d-mobile:flex;--_ga-mw-mobile:calc(100% - 0 - 0)\">\n\n<figure class=\"wp-block-image size-large\"><img decoding=\"async\" width=\"1024\" height=\"1024\" src=\"https:\/\/algabbiano.it\/wp-content\/uploads\/2020\/10\/Locale_Storico-1024x1024.png\" alt=\"\" class=\"wp-image-5505\" srcset=\"https:\/\/www.algabbiano.it\/wp-content\/uploads\/2020\/10\/Locale_Storico-1024x1024.png 1024w, https:\/\/www.algabbiano.it\/wp-content\/uploads\/2020\/10\/Locale_Storico-300x300.png 300w, https:\/\/www.algabbiano.it\/wp-content\/uploads\/2020\/10\/Locale_Storico-150x150.png 150w, https:\/\/www.algabbiano.it\/wp-content\/uploads\/2020\/10\/Locale_Storico-768x769.png 768w, https:\/\/www.algabbiano.it\/wp-content\/uploads\/2020\/10\/Locale_Storico.png 1063w\" sizes=\"(max-width: 1024px) 100vw, 1024px\" \/><\/figure>\n\n<\/div>\n<\/div><\/div>\n\n<div  class=\"grids-section risto-row grids-is-advanced alignfull\" style=\"--_gs-gap-desktop:0px 0px;--_gs-m-desktop:0 0 0 0;--_gs-p-desktop:100px 0 80px 120px;--_gs-bg-desktop:transparent url(https:\/\/www.algabbiano.it\/wp-content\/uploads\/2020\/10\/Piatto_Al_Gabbiano.jpg) no-repeat fixed 50% 50%  \/ cover;--_gs-bg-xp-desktop:0px;--_gs-zi-desktop:auto;--_gs-d-desktop:block;--_gs-mw-desktop:calc(100% - 0 - 0);--_gs-gap-tablet:0px 0px;--_gs-m-tablet:0 0 0 0;--_gs-p-tablet:20px 20px 20px 20px;--_gs-bg-tablet:transparent url(https:\/\/www.algabbiano.it\/wp-content\/uploads\/2020\/10\/Piatto_Al_Gabbiano.jpg) no-repeat fixed 50% 50%  \/ cover;--_gs-bg-xp-tablet:0px;--_gs-zi-tablet:auto;--_gs-d-tablet:block;--_gs-mw-tablet:calc(100% - 0 - 0);--_gs-gap-mobile:0px 0px;--_gs-m-mobile:0 0 0 0;--_gs-p-mobile:20px 20px 20px 20px;--_gs-bg-mobile:transparent url(https:\/\/www.algabbiano.it\/wp-content\/uploads\/2020\/10\/Piatto_Al_Gabbiano.jpg) no-repeat fixed 50% 50%  \/ cover;--_gs-bg-xp-mobile:0px;--_gs-zi-mobile:auto;--_gs-d-mobile:block;--_gs-mw-mobile:calc(100% - 0 - 0);--_gs-columns:12;--_gs-rows:6\"><div class=\"grids-s-w_i\">\n<div class=\"grids-area\" style=\"--_ga-column:7\/12;--_ga-row:2\/6;--_ga-m-desktop:0 0 0 0;--_ga-p-desktop:40px 40px 40px 40px;--_ga-bg-desktop:#ffffff none;--_ga-zi-desktop:auto;--_ga-d-desktop:flex;--_ga-mw-desktop:calc(100% - 0 - 0);--_ga-m-tablet:0 0 0 0;--_ga-p-tablet:30px 30px 30px 30px;--_ga-bg-tablet:#ffffff none;--_ga-zi-tablet:auto;--_ga-d-tablet:flex;--_ga-mw-tablet:calc(100% - 0 - 0);--_ga-m-mobile:0 0 0 0;--_ga-p-mobile:20px 20px 20px 20px;--_ga-bg-mobile:#ffffff none;--_ga-zi-mobile:auto;--_ga-d-mobile:flex;--_ga-mw-mobile:calc(100% - 0 - 0)\">\n\n<h3 class=\"wp-block-heading\" id=\"domicilio\"><span style=\"color:#bc416e\" class=\"has-inline-color\">Tu resti a casa la cena te la portiamo noi!<\/span><\/h3>\n\n\n\n<div style=\"height:10px\" aria-hidden=\"true\" class=\"wp-block-spacer\"><\/div>\n\n\n\n<p><strong>Potete gustare i vostri piatti anche comodamente da casa<\/strong> vostra usufruendo dei servizi <strong>asporto<\/strong> e <strong>consegna a domicilio<\/strong>. <\/p>\n\n\n\n<div class=\"wp-block-buttons is-layout-flex wp-block-buttons-is-layout-flex\">\n<div class=\"wp-block-button\"><a class=\"wp-block-button__link no-border-radius\" href=\"https:\/\/www.algabbiano.it\/wp-content\/uploads\/2022\/02\/ASPORTO1.png\" target=\"_blank\" rel=\"noreferrer noopener\">Guarda il men\u00f9 da asporto<\/a><\/div>\n<\/div>\n\n\n\n<div style=\"height:30px\" aria-hidden=\"true\" class=\"wp-block-spacer\"><\/div>\n\n\n\n<p class=\"has-small-font-size\">Su prenotazione con consegna tutti i giorni (domenica escl.)<br><em>Preferisci altro?      Faccelo sapere sar\u00e0 un piacere cercare di soddisfare ogni esigenza.<\/em><\/p>\n\n\n\n<div style=\"height:10px\" aria-hidden=\"true\" class=\"wp-block-spacer\"><\/div>\n\n\n\n<p>Ordina al <a href=\"tel:+390422053725\" target=\"_blank\" rel=\"noreferrer noopener\">0422.853725<\/a><\/p>\n\n\n\n<div style=\"height:10px\" aria-hidden=\"true\" class=\"wp-block-spacer\"><\/div>\n\n\n\n<p><span style=\"color:#45ae1e\" class=\"has-inline-color\">La consegna<strong> \u00e8 PUNTUALE<\/strong><\/span><\/p>\n\n<\/div>\n<\/div><\/div>\n\n<div  class=\"grids-section grids-is-advanced alignwide\" style=\"--_gs-gap-desktop:0px 0px;--_gs-m-desktop:0 0 0 0;--_gs-p-desktop:0 50px 0 50px;--_gs-bg-desktop:transparent none;--_gs-bg-xp-desktop:0px;--_gs-zi-desktop:auto;--_gs-d-desktop:block;--_gs-mw-desktop:calc(100% - 0 - 0);--_gs-gap-tablet:0px 0px;--_gs-m-tablet:0 0 0 0;--_gs-p-tablet:0 20px 0 20px;--_gs-bg-tablet:transparent none;--_gs-bg-xp-tablet:0px;--_gs-zi-tablet:auto;--_gs-d-tablet:block;--_gs-mw-tablet:calc(100% - 0 - 0);--_gs-gap-mobile:0px 0px;--_gs-m-mobile:0 0 0 0;--_gs-p-mobile:0 10px 0 10px;--_gs-bg-mobile:transparent none;--_gs-bg-xp-mobile:0px;--_gs-zi-mobile:auto;--_gs-d-mobile:block;--_gs-mw-mobile:calc(100% - 0 - 0);--_gs-columns:12;--_gs-rows:6\"><div class=\"grids-s-w_i\">\n<div class=\"grids-area\" style=\"--_ga-column:1\/7;--_ga-row:1\/3;--_ga-m-desktop:0 0 0 0;--_ga-p-desktop:0 0 0 0;--_ga-bg-desktop:transparent none;--_ga-zi-desktop:auto;--_ga-d-desktop:flex;--_ga-mw-desktop:calc(100% - 0 - 0);--_ga-m-tablet:0 0 0 0;--_ga-p-tablet:0 0 0 0;--_ga-bg-tablet:transparent none;--_ga-zi-tablet:auto;--_ga-d-tablet:flex;--_ga-mw-tablet:calc(100% - 0 - 0);--_ga-m-mobile:0 0 0 0;--_ga-p-mobile:0 0 0 0;--_ga-bg-mobile:transparent none;--_ga-zi-mobile:auto;--_ga-d-mobile:flex;--_ga-mw-mobile:calc(100% - 0 - 0)\">\n\n<div style=\"height:20px\" aria-hidden=\"true\" class=\"wp-block-spacer\"><\/div>\n\n\n\n<div style=\"height:60px\" aria-hidden=\"true\" class=\"wp-block-spacer\"><\/div>\n\n\n\n<p>Ecco il men\u00f9 del momento. <\/p>\n\n\n\n<p><em>Siamo pronti a soddisfare ogni richiesta anche per intolleranze e altre diete particolari.<\/em><\/p>\n\n\n\n<div style=\"height:20px\" aria-hidden=\"true\" class=\"wp-block-spacer\"><\/div>\n\n\n\n<div class=\"wp-block-buttons is-layout-flex wp-block-buttons-is-layout-flex\">\n<div class=\"wp-block-button\"><a class=\"wp-block-button__link\" href=\"https:\/\/www.algabbiano.it\/wp-content\/uploads\/2020\/10\/Menu.pdf\" target=\"_blank\" rel=\"noreferrer noopener\">Guarda il men\u00f9 \u00c0 LA CARTE<\/a><\/div>\n<\/div>\n\n\n\n<div style=\"height:60px\" aria-hidden=\"true\" class=\"wp-block-spacer\"><\/div>\n\n<\/div>\n<\/div><\/div>\n\n<div  class=\"grids-section risto-row grids-is-advanced alignfull\" style=\"--_gs-gap-desktop:0px 0px;--_gs-m-desktop:0 0 0 0;--_gs-p-desktop:100px 0 80px 120px;--_gs-bg-desktop:transparent url(https:\/\/www.algabbiano.it\/wp-content\/uploads\/2020\/10\/Villa_Faggiotto.jpg) no-repeat 50% 50%  \/ cover;--_gs-bg-xp-desktop:0px;--_gs-zi-desktop:auto;--_gs-d-desktop:block;--_gs-mw-desktop:calc(100% - 0 - 0);--_gs-gap-tablet:0px 0px;--_gs-m-tablet:0 0 0 0;--_gs-p-tablet:20px 20px 20px 20px;--_gs-bg-tablet:transparent url(https:\/\/www.algabbiano.it\/wp-content\/uploads\/2020\/10\/Villa_Faggiotto.jpg) no-repeat 50% 50%  \/ cover;--_gs-bg-xp-tablet:0px;--_gs-zi-tablet:auto;--_gs-d-tablet:block;--_gs-mw-tablet:calc(100% - 0 - 0);--_gs-gap-mobile:0px 0px;--_gs-m-mobile:0 0 0 0;--_gs-p-mobile:20px 20px 20px 20px;--_gs-bg-mobile:transparent url(https:\/\/www.algabbiano.it\/wp-content\/uploads\/2020\/10\/Villa_Faggiotto.jpg) no-repeat 50% 50%  \/ cover;--_gs-bg-xp-mobile:0px;--_gs-zi-mobile:auto;--_gs-d-mobile:block;--_gs-mw-mobile:calc(100% - 0 - 0);--_gs-columns:12;--_gs-rows:6\"><div class=\"grids-s-w_i\">\n<div class=\"grids-area\" style=\"--_ga-column:7\/12;--_ga-row:2\/6;--_ga-m-desktop:0 0 0 0;--_ga-p-desktop:40px 40px 40px 40px;--_ga-bg-desktop:#ffffff none;--_ga-zi-desktop:auto;--_ga-d-desktop:flex;--_ga-mw-desktop:calc(100% - 0 - 0);--_ga-m-tablet:0 0 0 0;--_ga-p-tablet:30px 30px 30px 30px;--_ga-bg-tablet:#ffffff none;--_ga-zi-tablet:auto;--_ga-d-tablet:flex;--_ga-mw-tablet:calc(100% - 0 - 0);--_ga-m-mobile:0 0 0 0;--_ga-p-mobile:20px 20px 20px 20px;--_ga-bg-mobile:#ffffff none;--_ga-zi-mobile:auto;--_ga-d-mobile:flex;--_ga-mw-mobile:calc(100% - 0 - 0)\">\n\n<h4 class=\"wp-block-heading\">Eventi e cerimonie<\/h4>\n\n\n\n<div style=\"height:20px\" aria-hidden=\"true\" class=\"wp-block-spacer\"><\/div>\n\n\n\n<p>Se la vostra esigenza \u00e8 quella di organizzare una cerimonia di nozze, un banchetto, cene aziendali e altri eventi di grandi dimensioni vi invitiamo a visitare <strong><a href=\"http:\/\/villafaggiotto.com\/\" target=\"_blank\" rel=\"noreferrer noopener\">Villa Faggiotto<\/a><\/strong>.<\/p>\n\n\n\n<div style=\"height:20px\" aria-hidden=\"true\" class=\"wp-block-spacer\"><\/div>\n\n\n\n<p>La location pi\u00f9 consigliata per matrimoni eventi e molto altro!<\/p>\n\n<\/div>\n<\/div><\/div>","protected":false},"excerpt":{"rendered":"","protected":false},"author":3,"featured_media":5517,"parent":0,"menu_order":0,"comment_status":"closed","ping_status":"closed","template":"","meta":{"_acf_changed":false,"advgb_blocks_editor_width":"","advgb_blocks_columns_visual_guide":"","footnotes":""},"class_list":["post-5209","page","type-page","status-publish","has-post-thumbnail","hentry"],"acf":[],"yoast_head":"<!-- This site is optimized with the Yoast SEO plugin v25.8 - https:\/\/yoast.com\/wordpress\/plugins\/seo\/ -->\n<title>Il ristorante - Hotel Al Gabbiano<\/title>\n<meta name=\"description\" content=\"Un ristorante accogliente dal servizio accurato e dall\u2019ottima cucina che propone sia carne che pesce attento alla stagionalit\u00e0 dei prodotti.\" \/>\n<meta name=\"robots\" content=\"index, follow, max-snippet:-1, max-image-preview:large, max-video-preview:-1\" \/>\n<link rel=\"canonical\" href=\"https:\/\/www.algabbiano.it\/it\/il-ristorante\/\" \/>\n<meta property=\"og:locale\" content=\"it_IT\" \/>\n<meta property=\"og:type\" content=\"article\" \/>\n<meta property=\"og:title\" content=\"Il ristorante - Hotel Al Gabbiano\" \/>\n<meta property=\"og:description\" content=\"Un ristorante accogliente dal servizio accurato e dall\u2019ottima cucina che propone sia carne che pesce attento alla stagionalit\u00e0 dei prodotti.\" \/>\n<meta property=\"og:url\" content=\"https:\/\/www.algabbiano.it\/it\/il-ristorante\/\" \/>\n<meta property=\"og:site_name\" content=\"Hotel Al Gabbiano\" \/>\n<meta property=\"article:publisher\" content=\"https:\/\/www.facebook.com\/al.gabbiano.5\/\" \/>\n<meta property=\"article:modified_time\" content=\"2022-02-02T15:12:30+00:00\" \/>\n<meta property=\"og:image\" content=\"https:\/\/www.algabbiano.it\/wp-content\/uploads\/2020\/10\/Hotel_Ristorante_Gabbiano_Banner_Ristorante.jpg\" \/>\n\t<meta property=\"og:image:width\" content=\"2000\" \/>\n\t<meta property=\"og:image:height\" content=\"450\" \/>\n\t<meta property=\"og:image:type\" content=\"image\/jpeg\" \/>\n<meta name=\"twitter:card\" content=\"summary_large_image\" \/>\n<meta name=\"twitter:label1\" content=\"Tempo di lettura stimato\" \/>\n\t<meta name=\"twitter:data1\" content=\"1 minuto\" \/>\n<script type=\"application\/ld+json\" class=\"yoast-schema-graph\">{\"@context\":\"https:\/\/schema.org\",\"@graph\":[{\"@type\":\"WebPage\",\"@id\":\"https:\/\/www.algabbiano.it\/it\/il-ristorante\/\",\"url\":\"https:\/\/www.algabbiano.it\/it\/il-ristorante\/\",\"name\":\"Il ristorante - Hotel Al Gabbiano\",\"isPartOf\":{\"@id\":\"https:\/\/www.algabbiano.it\/it\/#website\"},\"primaryImageOfPage\":{\"@id\":\"https:\/\/www.algabbiano.it\/it\/il-ristorante\/#primaryimage\"},\"image\":{\"@id\":\"https:\/\/www.algabbiano.it\/it\/il-ristorante\/#primaryimage\"},\"thumbnailUrl\":\"https:\/\/www.algabbiano.it\/wp-content\/uploads\/2020\/10\/Hotel_Ristorante_Gabbiano_Banner_Ristorante.jpg\",\"datePublished\":\"2020-10-27T09:43:30+00:00\",\"dateModified\":\"2022-02-02T15:12:30+00:00\",\"description\":\"Un ristorante accogliente dal servizio accurato e dall\u2019ottima cucina che propone sia carne che pesce attento alla stagionalit\u00e0 dei prodotti.\",\"breadcrumb\":{\"@id\":\"https:\/\/www.algabbiano.it\/it\/il-ristorante\/#breadcrumb\"},\"inLanguage\":\"it-IT\",\"potentialAction\":[{\"@type\":\"ReadAction\",\"target\":[\"https:\/\/www.algabbiano.it\/it\/il-ristorante\/\"]}]},{\"@type\":\"ImageObject\",\"inLanguage\":\"it-IT\",\"@id\":\"https:\/\/www.algabbiano.it\/it\/il-ristorante\/#primaryimage\",\"url\":\"https:\/\/www.algabbiano.it\/wp-content\/uploads\/2020\/10\/Hotel_Ristorante_Gabbiano_Banner_Ristorante.jpg\",\"contentUrl\":\"https:\/\/www.algabbiano.it\/wp-content\/uploads\/2020\/10\/Hotel_Ristorante_Gabbiano_Banner_Ristorante.jpg\",\"width\":2000,\"height\":450},{\"@type\":\"BreadcrumbList\",\"@id\":\"https:\/\/www.algabbiano.it\/it\/il-ristorante\/#breadcrumb\",\"itemListElement\":[{\"@type\":\"ListItem\",\"position\":1,\"name\":\"Home\",\"item\":\"https:\/\/www.algabbiano.it\/it\/\"},{\"@type\":\"ListItem\",\"position\":2,\"name\":\"Il ristorante\"}]},{\"@type\":\"WebSite\",\"@id\":\"https:\/\/www.algabbiano.it\/it\/#website\",\"url\":\"https:\/\/www.algabbiano.it\/it\/\",\"name\":\"Hotel Al Gabbiano - Levada di Ponte di Piave\",\"description\":\"Hotel &amp; Apartments | Levada di Ponte di Piave\",\"publisher\":{\"@id\":\"https:\/\/www.algabbiano.it\/it\/#organization\"},\"potentialAction\":[{\"@type\":\"SearchAction\",\"target\":{\"@type\":\"EntryPoint\",\"urlTemplate\":\"https:\/\/www.algabbiano.it\/it\/?s={search_term_string}\"},\"query-input\":{\"@type\":\"PropertyValueSpecification\",\"valueRequired\":true,\"valueName\":\"search_term_string\"}}],\"inLanguage\":\"it-IT\"},{\"@type\":\"Organization\",\"@id\":\"https:\/\/www.algabbiano.it\/it\/#organization\",\"name\":\"Al Gabbiano\",\"url\":\"https:\/\/www.algabbiano.it\/it\/\",\"logo\":{\"@type\":\"ImageObject\",\"inLanguage\":\"it-IT\",\"@id\":\"https:\/\/www.algabbiano.it\/it\/#\/schema\/logo\/image\/\",\"url\":\"\",\"contentUrl\":\"\",\"caption\":\"Al Gabbiano\"},\"image\":{\"@id\":\"https:\/\/www.algabbiano.it\/it\/#\/schema\/logo\/image\/\"},\"sameAs\":[\"https:\/\/www.facebook.com\/al.gabbiano.5\/\",\"https:\/\/www.instagram.com\/algabbiano\/\"]}]}<\/script>\n<!-- \/ Yoast SEO plugin. -->","yoast_head_json":{"title":"Il ristorante - Hotel Al Gabbiano","description":"Un ristorante accogliente dal servizio accurato e dall\u2019ottima cucina che propone sia carne che pesce attento alla stagionalit\u00e0 dei prodotti.","robots":{"index":"index","follow":"follow","max-snippet":"max-snippet:-1","max-image-preview":"max-image-preview:large","max-video-preview":"max-video-preview:-1"},"canonical":"https:\/\/www.algabbiano.it\/it\/il-ristorante\/","og_locale":"it_IT","og_type":"article","og_title":"Il ristorante - Hotel Al Gabbiano","og_description":"Un ristorante accogliente dal servizio accurato e dall\u2019ottima cucina che propone sia carne che pesce attento alla stagionalit\u00e0 dei prodotti.","og_url":"https:\/\/www.algabbiano.it\/it\/il-ristorante\/","og_site_name":"Hotel Al Gabbiano","article_publisher":"https:\/\/www.facebook.com\/al.gabbiano.5\/","article_modified_time":"2022-02-02T15:12:30+00:00","og_image":[{"width":2000,"height":450,"url":"https:\/\/www.algabbiano.it\/wp-content\/uploads\/2020\/10\/Hotel_Ristorante_Gabbiano_Banner_Ristorante.jpg","type":"image\/jpeg"}],"twitter_card":"summary_large_image","twitter_misc":{"Tempo di lettura stimato":"1 minuto"},"schema":{"@context":"https:\/\/schema.org","@graph":[{"@type":"WebPage","@id":"https:\/\/www.algabbiano.it\/it\/il-ristorante\/","url":"https:\/\/www.algabbiano.it\/it\/il-ristorante\/","name":"Il ristorante - Hotel Al Gabbiano","isPartOf":{"@id":"https:\/\/www.algabbiano.it\/it\/#website"},"primaryImageOfPage":{"@id":"https:\/\/www.algabbiano.it\/it\/il-ristorante\/#primaryimage"},"image":{"@id":"https:\/\/www.algabbiano.it\/it\/il-ristorante\/#primaryimage"},"thumbnailUrl":"https:\/\/www.algabbiano.it\/wp-content\/uploads\/2020\/10\/Hotel_Ristorante_Gabbiano_Banner_Ristorante.jpg","datePublished":"2020-10-27T09:43:30+00:00","dateModified":"2022-02-02T15:12:30+00:00","description":"Un ristorante accogliente dal servizio accurato e dall\u2019ottima cucina che propone sia carne che pesce attento alla stagionalit\u00e0 dei prodotti.","breadcrumb":{"@id":"https:\/\/www.algabbiano.it\/it\/il-ristorante\/#breadcrumb"},"inLanguage":"it-IT","potentialAction":[{"@type":"ReadAction","target":["https:\/\/www.algabbiano.it\/it\/il-ristorante\/"]}]},{"@type":"ImageObject","inLanguage":"it-IT","@id":"https:\/\/www.algabbiano.it\/it\/il-ristorante\/#primaryimage","url":"https:\/\/www.algabbiano.it\/wp-content\/uploads\/2020\/10\/Hotel_Ristorante_Gabbiano_Banner_Ristorante.jpg","contentUrl":"https:\/\/www.algabbiano.it\/wp-content\/uploads\/2020\/10\/Hotel_Ristorante_Gabbiano_Banner_Ristorante.jpg","width":2000,"height":450},{"@type":"BreadcrumbList","@id":"https:\/\/www.algabbiano.it\/it\/il-ristorante\/#breadcrumb","itemListElement":[{"@type":"ListItem","position":1,"name":"Home","item":"https:\/\/www.algabbiano.it\/it\/"},{"@type":"ListItem","position":2,"name":"Il ristorante"}]},{"@type":"WebSite","@id":"https:\/\/www.algabbiano.it\/it\/#website","url":"https:\/\/www.algabbiano.it\/it\/","name":"Hotel Al Gabbiano - Levada di Ponte di Piave","description":"Hotel &amp; Apartments | Levada di Ponte di Piave","publisher":{"@id":"https:\/\/www.algabbiano.it\/it\/#organization"},"potentialAction":[{"@type":"SearchAction","target":{"@type":"EntryPoint","urlTemplate":"https:\/\/www.algabbiano.it\/it\/?s={search_term_string}"},"query-input":{"@type":"PropertyValueSpecification","valueRequired":true,"valueName":"search_term_string"}}],"inLanguage":"it-IT"},{"@type":"Organization","@id":"https:\/\/www.algabbiano.it\/it\/#organization","name":"Al Gabbiano","url":"https:\/\/www.algabbiano.it\/it\/","logo":{"@type":"ImageObject","inLanguage":"it-IT","@id":"https:\/\/www.algabbiano.it\/it\/#\/schema\/logo\/image\/","url":"","contentUrl":"","caption":"Al Gabbiano"},"image":{"@id":"https:\/\/www.algabbiano.it\/it\/#\/schema\/logo\/image\/"},"sameAs":["https:\/\/www.facebook.com\/al.gabbiano.5\/","https:\/\/www.instagram.com\/algabbiano\/"]}]}},"coauthors":[],"author_meta":{"author_link":"https:\/\/www.algabbiano.it\/it\/author\/gab_b-4noadmin\/","display_name":"Gab_b-4noadmin"},"relative_dates":{"created":"Pubblicato 6 anni fa","modified":"Aggiornato 4 anni fa"},"absolute_dates":{"created":"Pubblicato il 27 Ottobre 2020","modified":"Aggiornato il 2 Febbraio 2022"},"absolute_dates_time":{"created":"Pubblicato il 27 Ottobre 2020 10:43","modified":"Aggiornato il 2 Febbraio 2022 16:12"},"featured_img_caption":"","featured_img":"https:\/\/www.algabbiano.it\/wp-content\/uploads\/2020\/10\/Hotel_Ristorante_Gabbiano_Banner_Ristorante-1200x270.jpg","series_order":"","_links":{"self":[{"href":"https:\/\/www.algabbiano.it\/it\/wp-json\/wp\/v2\/pages\/5209","targetHints":{"allow":["GET"]}}],"collection":[{"href":"https:\/\/www.algabbiano.it\/it\/wp-json\/wp\/v2\/pages"}],"about":[{"href":"https:\/\/www.algabbiano.it\/it\/wp-json\/wp\/v2\/types\/page"}],"author":[{"embeddable":true,"href":"https:\/\/www.algabbiano.it\/it\/wp-json\/wp\/v2\/users\/3"}],"replies":[{"embeddable":true,"href":"https:\/\/www.algabbiano.it\/it\/wp-json\/wp\/v2\/comments?post=5209"}],"version-history":[{"count":0,"href":"https:\/\/www.algabbiano.it\/it\/wp-json\/wp\/v2\/pages\/5209\/revisions"}],"wp:featuredmedia":[{"embeddable":true,"href":"https:\/\/www.algabbiano.it\/it\/wp-json\/wp\/v2\/media\/5517"}],"wp:attachment":[{"href":"https:\/\/www.algabbiano.it\/it\/wp-json\/wp\/v2\/media?parent=5209"}],"curies":[{"name":"wp","href":"https:\/\/api.w.org\/{rel}","templated":true}]}}